{"id":3388,"date":"2024-02-07T12:39:45","date_gmt":"2024-02-07T11:39:45","guid":{"rendered":"https:\/\/waldschloessel.at\/?page_id=3388"},"modified":"2024-02-07T12:43:46","modified_gmt":"2024-02-07T11:43:46","slug":"husveti-hosszu-hetvege","status":"publish","type":"page","link":"https:\/\/waldschloessel.at\/en\/ajanlataink\/husveti-hosszu-hetvege\/","title":{"rendered":"Ski season finale at Easter"},"content":{"rendered":"<div data-elementor-type=\"wp-page\" data-elementor-id=\"3388\" class=\"elementor elementor-3388\" data-elementor-post-type=\"page\">\n\t\t\t\t<div class=\"elementor-element elementor-element-47dc0fb e-con-full e-flex e-con e-parent\" data-id=\"47dc0fb\" data-element_type=\"container\" data-e-type=\"container\">\n\t\t<div class=\"elementor-element elementor-element-8c657b4 e-con-full e-flex e-con e-parent\" data-id=\"8c657b4\" data-element_type=\"container\" data-e-type=\"container\" data-settings=\"{&quot;background_background&quot;:&quot;classic&quot;}\">\n\t\t\t\t<div class=\"elementor-element elementor-element-d808282 elementor-widget elementor-widget-image\" data-id=\"d808282\" data-element_type=\"widget\" data-e-type=\"widget\" data-widget_type=\"image.default\">\n\t\t\t\t<div class=\"elementor-widget-container\">\n\t\t\t\t\t\t\t\t\t\t\t\t\t\t\t<img fetchpriority=\"high\" decoding=\"async\" width=\"800\" height=\"800\" src=\"https:\/\/waldschloessel.at\/wp-content\/uploads\/2024\/02\/husvet-1024x1024.jpg\" class=\"attachment-large size-large wp-image-3390\" alt=\"\" srcset=\"https:\/\/waldschloessel.at\/wp-content\/uploads\/2024\/02\/husvet-1024x1024.jpg 1024w, https:\/\/waldschloessel.at\/wp-content\/uploads\/2024\/02\/husvet-300x300.jpg 300w, https:\/\/waldschloessel.at\/wp-content\/uploads\/2024\/02\/husvet-150x150.jpg 150w, https:\/\/waldschloessel.at\/wp-content\/uploads\/2024\/02\/husvet-768x768.jpg 768w, https:\/\/waldschloessel.at\/wp-content\/uploads\/2024\/02\/husvet-12x12.jpg 12w, https:\/\/waldschloessel.at\/wp-content\/uploads\/2024\/02\/husvet.jpg 1200w\" sizes=\"(max-width: 800px) 100vw, 800px\" \/>\t\t\t\t\t\t\t\t\t\t\t\t\t\t\t<\/div>\n\t\t\t\t<\/div>\n\t\t\t\t<\/div>\n\t\t<div class=\"elementor-element elementor-element-3f6920d e-con-full e-flex e-con e-parent\" data-id=\"3f6920d\" data-element_type=\"container\" data-e-type=\"container\">\n\t\t\t\t<div class=\"elementor-element elementor-element-26a187b elementor-widget elementor-widget-heading\" data-id=\"26a187b\" data-element_type=\"widget\" data-e-type=\"widget\" data-widget_type=\"heading.default\">\n\t\t\t\t<div class=\"elementor-widget-container\">\n\t\t\t\t\t<h2 class=\"elementor-heading-title elementor-size-default\">Ski season finale at Easter<\/h2>\t\t\t\t<\/div>\n\t\t\t\t<\/div>\n\t\t\t\t<div class=\"elementor-element elementor-element-5d996c7 elementor-widget elementor-widget-text-editor\" data-id=\"5d996c7\" data-element_type=\"widget\" data-e-type=\"widget\" data-widget_type=\"text-editor.default\">\n\t\t\t\t<div class=\"elementor-widget-container\">\n\t\t\t\t\t\t\t\t\t<p><b><strong>With a 12% discount!<\/strong><\/b><\/p><p><strong>Valid: from 28.03.2023 to 02.04.2024.<\/strong><\/p><p>The package contains the following services:<\/p><ul><li>Accomodation in the selected roomtype<\/li><li>Breakfast buffet<\/li><li>Half-board dinner with a wide choice of dishes<\/li><li>Towels in the room<\/li><\/ul>\t\t\t\t\t\t\t\t<\/div>\n\t\t\t\t<\/div>\n\t\t\t\t<div class=\"elementor-element elementor-element-0162f8f elementor-widget elementor-widget-accordion\" data-id=\"0162f8f\" data-element_type=\"widget\" data-e-type=\"widget\" data-widget_type=\"accordion.default\">\n\t\t\t\t<div class=\"elementor-widget-container\">\n\t\t\t\t\t\t\t<div class=\"elementor-accordion\">\n\t\t\t\t\t\t\t<div class=\"elementor-accordion-item\">\n\t\t\t\t\t<div id=\"elementor-tab-title-1451\" class=\"elementor-tab-title\" data-tab=\"1\" role=\"button\" aria-controls=\"elementor-tab-content-1451\" aria-expanded=\"false\">\n\t\t\t\t\t\t\t\t\t\t\t\t\t<span class=\"elementor-accordion-icon elementor-accordion-icon-left\" aria-hidden=\"true\">\n\t\t\t\t\t\t\t\t\t\t\t\t\t\t\t<span class=\"elementor-accordion-icon-closed\"><i class=\"fas fa-plus\"><\/i><\/span>\n\t\t\t\t\t\t\t\t<span class=\"elementor-accordion-icon-opened\"><i class=\"fas fa-minus\"><\/i><\/span>\n\t\t\t\t\t\t\t\t\t\t\t\t\t\t<\/span>\n\t\t\t\t\t\t\t\t\t\t\t\t<a class=\"elementor-accordion-title\" tabindex=\"0\">Package extra:<\/a>\n\t\t\t\t\t<\/div>\n\t\t\t\t\t<div id=\"elementor-tab-content-1451\" class=\"elementor-tab-content elementor-clearfix\" data-tab=\"1\" role=\"region\" aria-labelledby=\"elementor-tab-title-1451\"><ul><li>42 km of ski slopes right next to the hotel*<\/li><li>Free lockable, heated ski locker<\/li><li>Unlimited use of the sauna<\/li><li>Parking<\/li><li>Wi-Fi usage<\/li><li>General sales tax<\/li><\/ul><\/div>\n\t\t\t\t<\/div>\n\t\t\t\t\t\t\t\t<\/div>\n\t\t\t\t\t\t<\/div>\n\t\t\t\t<\/div>\n\t\t\t\t<div class=\"elementor-element elementor-element-fb50c21 elementor-widget elementor-widget-heading\" data-id=\"fb50c21\" data-element_type=\"widget\" data-e-type=\"widget\" data-widget_type=\"heading.default\">\n\t\t\t\t<div class=\"elementor-widget-container\">\n\t\t\t\t\t<div class=\"elementor-heading-title elementor-size-default\">*The ski slope can be used for an additional fee, the ski pass can be purchased on the slope.<\/div>\t\t\t\t<\/div>\n\t\t\t\t<\/div>\n\t\t<div class=\"elementor-element elementor-element-fd7acfa e-con-full e-flex e-con e-parent\" data-id=\"fd7acfa\" data-element_type=\"container\" data-e-type=\"container\">\n\t\t\t\t<div class=\"elementor-element elementor-element-7ecb56f elementor-widget elementor-widget-button\" data-id=\"7ecb56f\" data-element_type=\"widget\" data-e-type=\"widget\" data-widget_type=\"button.default\">\n\t\t\t\t<div class=\"elementor-widget-container\">\n\t\t\t\t\t\t\t\t\t<div class=\"elementor-button-wrapper\">\n\t\t\t\t\t<a class=\"elementor-button elementor-button-link elementor-size-sm elementor-animation-grow\" href=\"https:\/\/waldschloessel.at\/en\/foglalas\/\">\n\t\t\t\t\t\t<span class=\"elementor-button-content-wrapper\">\n\t\t\t\t\t\t\t\t\t<span class=\"elementor-button-text\">Reservation<\/span>\n\t\t\t\t\t<\/span>\n\t\t\t\t\t<\/a>\n\t\t\t\t<\/div>\n\t\t\t\t\t\t\t\t<\/div>\n\t\t\t\t<\/div>\n\t\t\t\t<div class=\"elementor-element elementor-element-e9fd56d elementor-align-left elementor-widget elementor-widget-button\" data-id=\"e9fd56d\" data-element_type=\"widget\" data-e-type=\"widget\" data-widget_type=\"button.default\">\n\t\t\t\t<div class=\"elementor-widget-container\">\n\t\t\t\t\t\t\t\t\t<div class=\"elementor-button-wrapper\">\n\t\t\t\t\t<a class=\"elementor-button elementor-button-link elementor-size-sm\" href=\"#elementor-action%3Aaction%3Dpopup%3Aopen%26settings%3DeyJpZCI6IjMwNyIsInRvZ2dsZSI6ZmFsc2V9\">\n\t\t\t\t\t\t<span class=\"elementor-button-content-wrapper\">\n\t\t\t\t\t\t<span class=\"elementor-button-icon\">\n\t\t\t\t<svg xmlns=\"http:\/\/www.w3.org\/2000\/svg\" width=\"16\" height=\"16\" viewbox=\"0 0 16 16\" fill=\"none\"><circle cx=\"8\" cy=\"8\" r=\"6.5\" stroke=\"black\" stroke-opacity=\"0.54\"><\/circle><path d=\"M7 4.93204C7 4.64725 7.09061 4.42071 7.27184 4.25243C7.46602 4.08414 7.71197 4 8.00971 4C8.30744 4 8.54693 4.08414 8.72816 4.25243C8.90939 4.42071 9 4.64725 9 4.93204C9 5.20388 8.90939 5.42395 8.72816 5.59223C8.54693 5.76052 8.30744 5.84466 8.00971 5.84466C7.71197 5.84466 7.46602 5.76052 7.27184 5.59223C7.09061 5.42395 7 5.20388 7 4.93204ZM8.68932 7V12H7.31068V7H8.68932Z\" fill=\"black\" fill-opacity=\"0.54\"><\/path><\/svg>\t\t\t<\/span>\n\t\t\t\t\t\t\t\t\t<span class=\"elementor-button-text\">booking conditions<\/span>\n\t\t\t\t\t<\/span>\n\t\t\t\t\t<\/a>\n\t\t\t\t<\/div>\n\t\t\t\t\t\t\t\t<\/div>\n\t\t\t\t<\/div>\n\t\t\t\t<\/div>\n\t\t\t\t<\/div>\n\t\t\t\t<\/div>\n\t\t\t\t<\/div>","protected":false},"excerpt":{"rendered":"<p>12% kedvezm\u00e9nnyel! \u00c9rv\u00e9nyes: 2024.03.28-04.02. Kedvezm\u00e9nyes aj\u00e1nlatunk az al\u00e1bbi szolg\u00e1ltat\u00e1sokat tartalmazza: Sz\u00e1ll\u00e1s, a kiv\u00e1lasztott szobat\u00edpusban B\u00fcf\u00e9reggeli B\u0151s\u00e9ges f\u00e9lpanzi\u00f3s vacsora T\u00f6r\u00f6lk\u00f6z\u0151 bek\u00e9sz\u00edt\u00e9s a szob\u00e1ba Csomag extra: 42 km s\u00edp\u00e1lya a sz\u00e1lloda k\u00f6zvetlen szomsz\u00e9ds\u00e1g\u00e1ban Ingyenes, z\u00e1rhat\u00f3, f\u0171t\u00f6tt s\u00edt\u00e1rol\u00f3 a sz\u00e1lloda f\u00f6ldszintj\u00e9n Szauna haszn\u00e1lata Ingyenes parkol\u00e1s Ingyenes Wi-Fi haszn\u00e1lat \u00c1ltal\u00e1nos forgalmi ad\u00f3 * A s\u00edp\u00e1lya fel\u00e1r ellen\u00e9ben vehet\u0151 ig\u00e9nybe, [&hellip;]<\/p>\n","protected":false},"author":4,"featured_media":3390,"parent":274,"menu_order":0,"comment_status":"closed","ping_status":"closed","template":"","meta":{"footnotes":""},"class_list":["post-3388","page","type-page","status-publish","has-post-thumbnail","hentry"],"yoast_head":"<!-- This site is optimized with the Yoast SEO Premium plugin v27.2 (Yoast SEO v27.2) - https:\/\/yoast.com\/product\/yoast-seo-premium-wordpress\/ -->\n<title>Szezonz\u00e1r\u00f3 h\u00fasv\u00e9ti hossz\u00fa h\u00e9tv\u00e9ge - Hotel waldschloessel<\/title>\n<meta name=\"robots\" content=\"index, follow, max-snippet:-1, max-image-preview:large, max-video-preview:-1\" \/>\n<link rel=\"canonical\" href=\"https:\/\/waldschloessel.at\/en\/offers\/husveti-hosszu-hetvege\/\" \/>\n<meta property=\"og:locale\" content=\"en_GB\" \/>\n<meta property=\"og:type\" content=\"article\" \/>\n<meta property=\"og:title\" content=\"Szezonz\u00e1r\u00f3 h\u00fasv\u00e9ti hossz\u00fa h\u00e9tv\u00e9ge\" \/>\n<meta property=\"og:description\" content=\"12% kedvezm\u00e9nnyel! \u00c9rv\u00e9nyes: 2024.03.28-04.02. Kedvezm\u00e9nyes aj\u00e1nlatunk az al\u00e1bbi szolg\u00e1ltat\u00e1sokat tartalmazza: Sz\u00e1ll\u00e1s, a kiv\u00e1lasztott szobat\u00edpusban B\u00fcf\u00e9reggeli B\u0151s\u00e9ges f\u00e9lpanzi\u00f3s vacsora T\u00f6r\u00f6lk\u00f6z\u0151 bek\u00e9sz\u00edt\u00e9s a szob\u00e1ba Csomag extra: 42 km s\u00edp\u00e1lya a sz\u00e1lloda k\u00f6zvetlen szomsz\u00e9ds\u00e1g\u00e1ban Ingyenes, z\u00e1rhat\u00f3, f\u0171t\u00f6tt s\u00edt\u00e1rol\u00f3 a sz\u00e1lloda f\u00f6ldszintj\u00e9n Szauna haszn\u00e1lata Ingyenes parkol\u00e1s Ingyenes Wi-Fi haszn\u00e1lat \u00c1ltal\u00e1nos forgalmi ad\u00f3 * A s\u00edp\u00e1lya fel\u00e1r ellen\u00e9ben vehet\u0151 ig\u00e9nybe, [&hellip;]\" \/>\n<meta property=\"og:url\" content=\"https:\/\/waldschloessel.at\/en\/offers\/husveti-hosszu-hetvege\/\" \/>\n<meta property=\"og:site_name\" content=\"Hotel waldschloessel\" \/>\n<meta property=\"article:modified_time\" content=\"2024-02-07T11:43:46+00:00\" \/>\n<meta property=\"og:image\" content=\"https:\/\/waldschloessel.at\/wp-content\/uploads\/2024\/02\/husvet.jpg\" \/>\n\t<meta property=\"og:image:width\" content=\"1200\" \/>\n\t<meta property=\"og:image:height\" content=\"1200\" \/>\n\t<meta property=\"og:image:type\" content=\"image\/jpeg\" \/>\n<meta name=\"twitter:card\" content=\"summary_large_image\" \/>\n<meta name=\"twitter:label1\" content=\"Estimated reading time\" \/>\n\t<meta name=\"twitter:data1\" content=\"1 minute\" \/>\n<script type=\"application\/ld+json\" class=\"yoast-schema-graph\">{\"@context\":\"https:\/\/schema.org\",\"@graph\":[{\"@type\":\"WebPage\",\"@id\":\"https:\/\/waldschloessel.at\/ajanlataink\/husveti-hosszu-hetvege\/\",\"url\":\"https:\/\/waldschloessel.at\/ajanlataink\/husveti-hosszu-hetvege\/\",\"name\":\"Szezonz\u00e1r\u00f3 h\u00fasv\u00e9ti hossz\u00fa h\u00e9tv\u00e9ge - Hotel waldschloessel\",\"isPartOf\":{\"@id\":\"https:\/\/waldschloessel.at\/#website\"},\"primaryImageOfPage\":{\"@id\":\"https:\/\/waldschloessel.at\/ajanlataink\/husveti-hosszu-hetvege\/#primaryimage\"},\"image\":{\"@id\":\"https:\/\/waldschloessel.at\/ajanlataink\/husveti-hosszu-hetvege\/#primaryimage\"},\"thumbnailUrl\":\"https:\/\/waldschloessel.at\/wp-content\/uploads\/2024\/02\/husvet.jpg\",\"datePublished\":\"2024-02-07T11:39:45+00:00\",\"dateModified\":\"2024-02-07T11:43:46+00:00\",\"breadcrumb\":{\"@id\":\"https:\/\/waldschloessel.at\/ajanlataink\/husveti-hosszu-hetvege\/#breadcrumb\"},\"inLanguage\":\"en-GB\",\"potentialAction\":[{\"@type\":\"ReadAction\",\"target\":[\"https:\/\/waldschloessel.at\/ajanlataink\/husveti-hosszu-hetvege\/\"]}]},{\"@type\":\"ImageObject\",\"inLanguage\":\"en-GB\",\"@id\":\"https:\/\/waldschloessel.at\/ajanlataink\/husveti-hosszu-hetvege\/#primaryimage\",\"url\":\"https:\/\/waldschloessel.at\/wp-content\/uploads\/2024\/02\/husvet.jpg\",\"contentUrl\":\"https:\/\/waldschloessel.at\/wp-content\/uploads\/2024\/02\/husvet.jpg\",\"width\":1200,\"height\":1200},{\"@type\":\"BreadcrumbList\",\"@id\":\"https:\/\/waldschloessel.at\/ajanlataink\/husveti-hosszu-hetvege\/#breadcrumb\",\"itemListElement\":[{\"@type\":\"ListItem\",\"position\":1,\"name\":\"Kezd\u0151lap\",\"item\":\"https:\/\/waldschloessel.at\/\"},{\"@type\":\"ListItem\",\"position\":2,\"name\":\"Aj\u00e1nlataink\",\"item\":\"https:\/\/waldschloessel.at\/ajanlataink\/\"},{\"@type\":\"ListItem\",\"position\":3,\"name\":\"Szezonz\u00e1r\u00f3 h\u00fasv\u00e9ti hossz\u00fa h\u00e9tv\u00e9ge\"}]},{\"@type\":\"WebSite\",\"@id\":\"https:\/\/waldschloessel.at\/#website\",\"url\":\"https:\/\/waldschloessel.at\/\",\"name\":\"Hotel waldschloessel\",\"description\":\"Hotel waldschloessel - az egyetlen p\u00e1lyasz\u00e1ll\u00e1s\",\"publisher\":{\"@id\":\"https:\/\/waldschloessel.at\/#organization\"},\"potentialAction\":[{\"@type\":\"SearchAction\",\"target\":{\"@type\":\"EntryPoint\",\"urlTemplate\":\"https:\/\/waldschloessel.at\/?s={search_term_string}\"},\"query-input\":{\"@type\":\"PropertyValueSpecification\",\"valueRequired\":true,\"valueName\":\"search_term_string\"}}],\"inLanguage\":\"en-GB\"},{\"@type\":\"Organization\",\"@id\":\"https:\/\/waldschloessel.at\/#organization\",\"name\":\"Hotel waldschloessel\",\"url\":\"https:\/\/waldschloessel.at\/\",\"logo\":{\"@type\":\"ImageObject\",\"inLanguage\":\"en-GB\",\"@id\":\"https:\/\/waldschloessel.at\/#\/schema\/logo\/image\/\",\"url\":\"https:\/\/waldschloessel.at\/wp-content\/uploads\/2023\/09\/gasthof-waldschlossl-logo.svg\",\"contentUrl\":\"https:\/\/waldschloessel.at\/wp-content\/uploads\/2023\/09\/gasthof-waldschlossl-logo.svg\",\"width\":600,\"height\":492,\"caption\":\"Hotel waldschloessel\"},\"image\":{\"@id\":\"https:\/\/waldschloessel.at\/#\/schema\/logo\/image\/\"}}]}<\/script>\n<!-- \/ Yoast SEO Premium plugin. -->","yoast_head_json":{"title":"Szezonz\u00e1r\u00f3 h\u00fasv\u00e9ti hossz\u00fa h\u00e9tv\u00e9ge - Hotel waldschloessel","robots":{"index":"index","follow":"follow","max-snippet":"max-snippet:-1","max-image-preview":"max-image-preview:large","max-video-preview":"max-video-preview:-1"},"canonical":"https:\/\/waldschloessel.at\/en\/offers\/husveti-hosszu-hetvege\/","og_locale":"en_GB","og_type":"article","og_title":"Szezonz\u00e1r\u00f3 h\u00fasv\u00e9ti hossz\u00fa h\u00e9tv\u00e9ge","og_description":"12% kedvezm\u00e9nnyel! \u00c9rv\u00e9nyes: 2024.03.28-04.02. Kedvezm\u00e9nyes aj\u00e1nlatunk az al\u00e1bbi szolg\u00e1ltat\u00e1sokat tartalmazza: Sz\u00e1ll\u00e1s, a kiv\u00e1lasztott szobat\u00edpusban B\u00fcf\u00e9reggeli B\u0151s\u00e9ges f\u00e9lpanzi\u00f3s vacsora T\u00f6r\u00f6lk\u00f6z\u0151 bek\u00e9sz\u00edt\u00e9s a szob\u00e1ba Csomag extra: 42 km s\u00edp\u00e1lya a sz\u00e1lloda k\u00f6zvetlen szomsz\u00e9ds\u00e1g\u00e1ban Ingyenes, z\u00e1rhat\u00f3, f\u0171t\u00f6tt s\u00edt\u00e1rol\u00f3 a sz\u00e1lloda f\u00f6ldszintj\u00e9n Szauna haszn\u00e1lata Ingyenes parkol\u00e1s Ingyenes Wi-Fi haszn\u00e1lat \u00c1ltal\u00e1nos forgalmi ad\u00f3 * A s\u00edp\u00e1lya fel\u00e1r ellen\u00e9ben vehet\u0151 ig\u00e9nybe, [&hellip;]","og_url":"https:\/\/waldschloessel.at\/en\/offers\/husveti-hosszu-hetvege\/","og_site_name":"Hotel waldschloessel","article_modified_time":"2024-02-07T11:43:46+00:00","og_image":[{"width":1200,"height":1200,"url":"https:\/\/waldschloessel.at\/wp-content\/uploads\/2024\/02\/husvet.jpg","type":"image\/jpeg"}],"twitter_card":"summary_large_image","twitter_misc":{"Estimated reading time":"1 minute"},"schema":{"@context":"https:\/\/schema.org","@graph":[{"@type":"WebPage","@id":"https:\/\/waldschloessel.at\/ajanlataink\/husveti-hosszu-hetvege\/","url":"https:\/\/waldschloessel.at\/ajanlataink\/husveti-hosszu-hetvege\/","name":"Szezonz\u00e1r\u00f3 h\u00fasv\u00e9ti hossz\u00fa h\u00e9tv\u00e9ge - Hotel waldschloessel","isPartOf":{"@id":"https:\/\/waldschloessel.at\/#website"},"primaryImageOfPage":{"@id":"https:\/\/waldschloessel.at\/ajanlataink\/husveti-hosszu-hetvege\/#primaryimage"},"image":{"@id":"https:\/\/waldschloessel.at\/ajanlataink\/husveti-hosszu-hetvege\/#primaryimage"},"thumbnailUrl":"https:\/\/waldschloessel.at\/wp-content\/uploads\/2024\/02\/husvet.jpg","datePublished":"2024-02-07T11:39:45+00:00","dateModified":"2024-02-07T11:43:46+00:00","breadcrumb":{"@id":"https:\/\/waldschloessel.at\/ajanlataink\/husveti-hosszu-hetvege\/#breadcrumb"},"inLanguage":"en-GB","potentialAction":[{"@type":"ReadAction","target":["https:\/\/waldschloessel.at\/ajanlataink\/husveti-hosszu-hetvege\/"]}]},{"@type":"ImageObject","inLanguage":"en-GB","@id":"https:\/\/waldschloessel.at\/ajanlataink\/husveti-hosszu-hetvege\/#primaryimage","url":"https:\/\/waldschloessel.at\/wp-content\/uploads\/2024\/02\/husvet.jpg","contentUrl":"https:\/\/waldschloessel.at\/wp-content\/uploads\/2024\/02\/husvet.jpg","width":1200,"height":1200},{"@type":"BreadcrumbList","@id":"https:\/\/waldschloessel.at\/ajanlataink\/husveti-hosszu-hetvege\/#breadcrumb","itemListElement":[{"@type":"ListItem","position":1,"name":"Kezd\u0151lap","item":"https:\/\/waldschloessel.at\/"},{"@type":"ListItem","position":2,"name":"Aj\u00e1nlataink","item":"https:\/\/waldschloessel.at\/ajanlataink\/"},{"@type":"ListItem","position":3,"name":"Szezonz\u00e1r\u00f3 h\u00fasv\u00e9ti hossz\u00fa h\u00e9tv\u00e9ge"}]},{"@type":"WebSite","@id":"https:\/\/waldschloessel.at\/#website","url":"https:\/\/waldschloessel.at\/","name":"Hotel waldschloessel","description":"Hotel waldschloessel - az egyetlen p\u00e1lyasz\u00e1ll\u00e1s","publisher":{"@id":"https:\/\/waldschloessel.at\/#organization"},"potentialAction":[{"@type":"SearchAction","target":{"@type":"EntryPoint","urlTemplate":"https:\/\/waldschloessel.at\/?s={search_term_string}"},"query-input":{"@type":"PropertyValueSpecification","valueRequired":true,"valueName":"search_term_string"}}],"inLanguage":"en-GB"},{"@type":"Organization","@id":"https:\/\/waldschloessel.at\/#organization","name":"Hotel waldschloessel","url":"https:\/\/waldschloessel.at\/","logo":{"@type":"ImageObject","inLanguage":"en-GB","@id":"https:\/\/waldschloessel.at\/#\/schema\/logo\/image\/","url":"https:\/\/waldschloessel.at\/wp-content\/uploads\/2023\/09\/gasthof-waldschlossl-logo.svg","contentUrl":"https:\/\/waldschloessel.at\/wp-content\/uploads\/2023\/09\/gasthof-waldschlossl-logo.svg","width":600,"height":492,"caption":"Hotel waldschloessel"},"image":{"@id":"https:\/\/waldschloessel.at\/#\/schema\/logo\/image\/"}}]}},"_links":{"self":[{"href":"https:\/\/waldschloessel.at\/en\/wp-json\/wp\/v2\/pages\/3388","targetHints":{"allow":["GET"]}}],"collection":[{"href":"https:\/\/waldschloessel.at\/en\/wp-json\/wp\/v2\/pages"}],"about":[{"href":"https:\/\/waldschloessel.at\/en\/wp-json\/wp\/v2\/types\/page"}],"author":[{"embeddable":true,"href":"https:\/\/waldschloessel.at\/en\/wp-json\/wp\/v2\/users\/4"}],"replies":[{"embeddable":true,"href":"https:\/\/waldschloessel.at\/en\/wp-json\/wp\/v2\/comments?post=3388"}],"version-history":[{"count":5,"href":"https:\/\/waldschloessel.at\/en\/wp-json\/wp\/v2\/pages\/3388\/revisions"}],"predecessor-version":[{"id":3397,"href":"https:\/\/waldschloessel.at\/en\/wp-json\/wp\/v2\/pages\/3388\/revisions\/3397"}],"up":[{"embeddable":true,"href":"https:\/\/waldschloessel.at\/en\/wp-json\/wp\/v2\/pages\/274"}],"wp:featuredmedia":[{"embeddable":true,"href":"https:\/\/waldschloessel.at\/en\/wp-json\/wp\/v2\/media\/3390"}],"wp:attachment":[{"href":"https:\/\/waldschloessel.at\/en\/wp-json\/wp\/v2\/media?parent=3388"}],"curies":[{"name":"wp","href":"https:\/\/api.w.org\/{rel}","templated":true}]}}