{"id":3100,"date":"2023-10-30T18:33:20","date_gmt":"2023-10-30T17:33:20","guid":{"rendered":"https:\/\/waldschloessel.at\/?page_id=3100"},"modified":"2025-11-26T15:15:37","modified_gmt":"2025-11-26T14:15:37","slug":"black-weekend","status":"publish","type":"page","link":"https:\/\/waldschloessel.at\/en\/ajanlataink\/black-weekend\/","title":{"rendered":"Black Weekend \u2013 25% Discount"},"content":{"rendered":"<div data-elementor-type=\"wp-page\" data-elementor-id=\"3100\" class=\"elementor elementor-3100\" data-elementor-post-type=\"page\">\n\t\t\t\t<div class=\"elementor-element elementor-element-47dc0fb e-con-full e-flex e-con e-parent\" data-id=\"47dc0fb\" data-element_type=\"container\" data-e-type=\"container\">\n\t\t<div class=\"elementor-element elementor-element-8c657b4 e-con-full e-flex e-con e-child\" data-id=\"8c657b4\" data-element_type=\"container\" data-e-type=\"container\" data-settings=\"{&quot;background_background&quot;:&quot;classic&quot;}\">\n\t\t\t\t<div class=\"elementor-element elementor-element-d808282 elementor-widget elementor-widget-image\" data-id=\"d808282\" data-element_type=\"widget\" data-e-type=\"widget\" data-widget_type=\"image.default\">\n\t\t\t\t<div class=\"elementor-widget-container\">\n\t\t\t\t\t\t\t\t\t\t\t\t\t\t\t<img fetchpriority=\"high\" decoding=\"async\" width=\"800\" height=\"671\" src=\"https:\/\/waldschloessel.at\/wp-content\/uploads\/2025\/11\/3.-BF_szallas.hu-20-25waldi.jpg\" class=\"attachment-large size-large wp-image-3874\" alt=\"\" srcset=\"https:\/\/waldschloessel.at\/wp-content\/uploads\/2025\/11\/3.-BF_szallas.hu-20-25waldi.jpg 940w, https:\/\/waldschloessel.at\/wp-content\/uploads\/2025\/11\/3.-BF_szallas.hu-20-25waldi-300x251.jpg 300w, https:\/\/waldschloessel.at\/wp-content\/uploads\/2025\/11\/3.-BF_szallas.hu-20-25waldi-768x644.jpg 768w, https:\/\/waldschloessel.at\/wp-content\/uploads\/2025\/11\/3.-BF_szallas.hu-20-25waldi-14x12.jpg 14w\" sizes=\"(max-width: 800px) 100vw, 800px\" \/>\t\t\t\t\t\t\t\t\t\t\t\t\t\t\t<\/div>\n\t\t\t\t<\/div>\n\t\t\t\t<\/div>\n\t\t<div class=\"elementor-element elementor-element-3f6920d e-con-full e-flex e-con e-child\" data-id=\"3f6920d\" data-element_type=\"container\" data-e-type=\"container\">\n\t\t\t\t<div class=\"elementor-element elementor-element-26a187b elementor-widget elementor-widget-heading\" data-id=\"26a187b\" data-element_type=\"widget\" data-e-type=\"widget\" data-widget_type=\"heading.default\">\n\t\t\t\t<div class=\"elementor-widget-container\">\n\t\t\t\t\t<h2 class=\"elementor-heading-title elementor-size-default\">Black Weekend \u2013 25% Discount<\/h2>\t\t\t\t<\/div>\n\t\t\t\t<\/div>\n\t\t\t\t<div class=\"elementor-element elementor-element-5d996c7 elementor-widget elementor-widget-text-editor\" data-id=\"5d996c7\" data-element_type=\"widget\" data-e-type=\"widget\" data-widget_type=\"text-editor.default\">\n\t\t\t\t<div class=\"elementor-widget-container\">\n\t\t\t\t\t\t\t\t\t<p><strong>Bookable: 28\u201330 November 2025<\/strong><\/p><p><strong>Valid: 01.03.2026 \u2013 30.03.2026<\/strong><\/p><p><strong>Minimum stay: 3 nights.<\/strong><\/p><p><strong>Cannot be combined with other promotions or loyalty discounts!<\/strong><\/p><p>The package contains the following services:<\/p><ul><li>Accomodation in the selected roomtype<\/li><li>Breakfast buffet<\/li><li>Half-board dinner with a wide choice of dishes<\/li><li>Towels in the room<\/li><\/ul>\t\t\t\t\t\t\t\t<\/div>\n\t\t\t\t<\/div>\n\t\t\t\t<div class=\"elementor-element elementor-element-0162f8f elementor-widget elementor-widget-accordion\" data-id=\"0162f8f\" data-element_type=\"widget\" data-e-type=\"widget\" data-widget_type=\"accordion.default\">\n\t\t\t\t<div class=\"elementor-widget-container\">\n\t\t\t\t\t\t\t<div class=\"elementor-accordion\">\n\t\t\t\t\t\t\t<div class=\"elementor-accordion-item\">\n\t\t\t\t\t<div id=\"elementor-tab-title-1451\" class=\"elementor-tab-title\" data-tab=\"1\" role=\"button\" aria-controls=\"elementor-tab-content-1451\" aria-expanded=\"false\">\n\t\t\t\t\t\t\t\t\t\t\t\t\t<span class=\"elementor-accordion-icon elementor-accordion-icon-left\" aria-hidden=\"true\">\n\t\t\t\t\t\t\t\t\t\t\t\t\t\t\t<span class=\"elementor-accordion-icon-closed\"><i class=\"fas fa-plus\"><\/i><\/span>\n\t\t\t\t\t\t\t\t<span class=\"elementor-accordion-icon-opened\"><i class=\"fas fa-minus\"><\/i><\/span>\n\t\t\t\t\t\t\t\t\t\t\t\t\t\t<\/span>\n\t\t\t\t\t\t\t\t\t\t\t\t<a class=\"elementor-accordion-title\" tabindex=\"0\">Package extra:<\/a>\n\t\t\t\t\t<\/div>\n\t\t\t\t\t<div id=\"elementor-tab-content-1451\" class=\"elementor-tab-content elementor-clearfix\" data-tab=\"1\" role=\"region\" aria-labelledby=\"elementor-tab-title-1451\"><ul><li>42 km of ski slopes right next to the hotel*<\/li><li>Free lockable, heated ski locker<\/li><li>Unlimited use of the sauna<\/li><li>Parking<\/li><li>Wi-Fi usage<\/li><li>General sales tax<\/li><\/ul><\/div>\n\t\t\t\t<\/div>\n\t\t\t\t\t\t\t\t<\/div>\n\t\t\t\t\t\t<\/div>\n\t\t\t\t<\/div>\n\t\t\t\t<div class=\"elementor-element elementor-element-fb50c21 elementor-widget elementor-widget-heading\" data-id=\"fb50c21\" data-element_type=\"widget\" data-e-type=\"widget\" data-widget_type=\"heading.default\">\n\t\t\t\t<div class=\"elementor-widget-container\">\n\t\t\t\t\t<div class=\"elementor-heading-title elementor-size-default\">*The ski slope can be used for an additional fee, the ski pass can be purchased on the slope.<\/div>\t\t\t\t<\/div>\n\t\t\t\t<\/div>\n\t\t<div class=\"elementor-element elementor-element-fd7acfa e-con-full e-flex e-con e-child\" data-id=\"fd7acfa\" data-element_type=\"container\" data-e-type=\"container\">\n\t\t\t\t<div class=\"elementor-element elementor-element-7ecb56f elementor-widget elementor-widget-button\" data-id=\"7ecb56f\" data-element_type=\"widget\" data-e-type=\"widget\" data-widget_type=\"button.default\">\n\t\t\t\t<div class=\"elementor-widget-container\">\n\t\t\t\t\t\t\t\t\t<div class=\"elementor-button-wrapper\">\n\t\t\t\t\t<a class=\"elementor-button elementor-button-link elementor-size-sm elementor-animation-grow\" href=\"https:\/\/waldschloessel.at\/en\/foglalas\/\">\n\t\t\t\t\t\t<span class=\"elementor-button-content-wrapper\">\n\t\t\t\t\t\t\t\t\t<span class=\"elementor-button-text\">Reservation<\/span>\n\t\t\t\t\t<\/span>\n\t\t\t\t\t<\/a>\n\t\t\t\t<\/div>\n\t\t\t\t\t\t\t\t<\/div>\n\t\t\t\t<\/div>\n\t\t\t\t<div class=\"elementor-element elementor-element-e9fd56d elementor-align-left elementor-widget elementor-widget-button\" data-id=\"e9fd56d\" data-element_type=\"widget\" data-e-type=\"widget\" data-widget_type=\"button.default\">\n\t\t\t\t<div class=\"elementor-widget-container\">\n\t\t\t\t\t\t\t\t\t<div class=\"elementor-button-wrapper\">\n\t\t\t\t\t<a class=\"elementor-button elementor-button-link elementor-size-sm\" href=\"#elementor-action%3Aaction%3Dpopup%3Aopen%26settings%3DeyJpZCI6IjMwNyIsInRvZ2dsZSI6ZmFsc2V9\">\n\t\t\t\t\t\t<span class=\"elementor-button-content-wrapper\">\n\t\t\t\t\t\t<span class=\"elementor-button-icon\">\n\t\t\t\t<svg xmlns=\"http:\/\/www.w3.org\/2000\/svg\" width=\"16\" height=\"16\" viewbox=\"0 0 16 16\" fill=\"none\"><circle cx=\"8\" cy=\"8\" r=\"6.5\" stroke=\"black\" stroke-opacity=\"0.54\"><\/circle><path d=\"M7 4.93204C7 4.64725 7.09061 4.42071 7.27184 4.25243C7.46602 4.08414 7.71197 4 8.00971 4C8.30744 4 8.54693 4.08414 8.72816 4.25243C8.90939 4.42071 9 4.64725 9 4.93204C9 5.20388 8.90939 5.42395 8.72816 5.59223C8.54693 5.76052 8.30744 5.84466 8.00971 5.84466C7.71197 5.84466 7.46602 5.76052 7.27184 5.59223C7.09061 5.42395 7 5.20388 7 4.93204ZM8.68932 7V12H7.31068V7H8.68932Z\" fill=\"black\" fill-opacity=\"0.54\"><\/path><\/svg>\t\t\t<\/span>\n\t\t\t\t\t\t\t\t\t<span class=\"elementor-button-text\">booking conditions<\/span>\n\t\t\t\t\t<\/span>\n\t\t\t\t\t<\/a>\n\t\t\t\t<\/div>\n\t\t\t\t\t\t\t\t<\/div>\n\t\t\t\t<\/div>\n\t\t\t\t<\/div>\n\t\t\t\t<\/div>\n\t\t\t\t<\/div>\n\t\t\t\t<\/div>","protected":false},"excerpt":{"rendered":"<p>Foglalhat\u00f3: 2025.november 28-30. \u00c9rv\u00e9nyes: 2026.03.01 &#8211; 2026.03.31. Minimum 3 \u00e9jszak\u00e1ra foglalhat\u00f3. Egy\u00e9b prom\u00f3ci\u00f3kkal \u00e9s t\u00f6rzsvend\u00e9g kedvezm\u00e9nyekkel nem \u00f6sszevonhat\u00f3! Kedvezm\u00e9nyes aj\u00e1nlatunk az al\u00e1bbi szolg\u00e1ltat\u00e1sokat tartalmazza: Sz\u00e1ll\u00e1s, a kiv\u00e1lasztott szobat\u00edpusban B\u00fcf\u00e9reggeli B\u0151s\u00e9ges f\u00e9lpanzi\u00f3s vacsora T\u00f6r\u00f6lk\u00f6z\u0151 bek\u00e9sz\u00edt\u00e9s a szob\u00e1ba Csomag extra: 42 km s\u00edp\u00e1lya a sz\u00e1lloda k\u00f6zvetlen szomsz\u00e9ds\u00e1g\u00e1ban Ingyenes, z\u00e1rhat\u00f3, f\u0171t\u00f6tt s\u00edt\u00e1rol\u00f3 a sz\u00e1lloda f\u00f6ldszintj\u00e9n Szauna haszn\u00e1lata Ingyenes [&hellip;]<\/p>\n","protected":false},"author":4,"featured_media":3874,"parent":274,"menu_order":0,"comment_status":"closed","ping_status":"closed","template":"","meta":{"footnotes":""},"class_list":["post-3100","page","type-page","status-publish","has-post-thumbnail","hentry"],"yoast_head":"<!-- This site is optimized with the Yoast SEO Premium plugin v27.2 (Yoast SEO v27.2) - https:\/\/yoast.com\/product\/yoast-seo-premium-wordpress\/ -->\n<title>Black Weekend - 25% kedvezm\u00e9ny - Hotel waldschloessel<\/title>\n<meta name=\"robots\" content=\"index, follow, max-snippet:-1, max-image-preview:large, max-video-preview:-1\" \/>\n<link rel=\"canonical\" href=\"https:\/\/waldschloessel.at\/en\/offers\/black-weekend\/\" \/>\n<meta property=\"og:locale\" content=\"en_GB\" \/>\n<meta property=\"og:type\" content=\"article\" \/>\n<meta property=\"og:title\" content=\"Black Weekend - 25% kedvezm\u00e9ny\" \/>\n<meta property=\"og:description\" content=\"Foglalhat\u00f3: 2025.november 28-30. \u00c9rv\u00e9nyes: 2026.03.01 &#8211; 2026.03.31. Minimum 3 \u00e9jszak\u00e1ra foglalhat\u00f3. Egy\u00e9b prom\u00f3ci\u00f3kkal \u00e9s t\u00f6rzsvend\u00e9g kedvezm\u00e9nyekkel nem \u00f6sszevonhat\u00f3! Kedvezm\u00e9nyes aj\u00e1nlatunk az al\u00e1bbi szolg\u00e1ltat\u00e1sokat tartalmazza: Sz\u00e1ll\u00e1s, a kiv\u00e1lasztott szobat\u00edpusban B\u00fcf\u00e9reggeli B\u0151s\u00e9ges f\u00e9lpanzi\u00f3s vacsora T\u00f6r\u00f6lk\u00f6z\u0151 bek\u00e9sz\u00edt\u00e9s a szob\u00e1ba Csomag extra: 42 km s\u00edp\u00e1lya a sz\u00e1lloda k\u00f6zvetlen szomsz\u00e9ds\u00e1g\u00e1ban Ingyenes, z\u00e1rhat\u00f3, f\u0171t\u00f6tt s\u00edt\u00e1rol\u00f3 a sz\u00e1lloda f\u00f6ldszintj\u00e9n Szauna haszn\u00e1lata Ingyenes [&hellip;]\" \/>\n<meta property=\"og:url\" content=\"https:\/\/waldschloessel.at\/en\/offers\/black-weekend\/\" \/>\n<meta property=\"og:site_name\" content=\"Hotel waldschloessel\" \/>\n<meta property=\"article:modified_time\" content=\"2025-11-26T14:15:37+00:00\" \/>\n<meta property=\"og:image\" content=\"https:\/\/waldschloessel.at\/wp-content\/uploads\/2025\/11\/3.-BF_szallas.hu-20-25waldi.jpg\" \/>\n\t<meta property=\"og:image:width\" content=\"940\" \/>\n\t<meta property=\"og:image:height\" content=\"788\" \/>\n\t<meta property=\"og:image:type\" content=\"image\/jpeg\" \/>\n<meta name=\"twitter:card\" content=\"summary_large_image\" \/>\n<meta name=\"twitter:label1\" content=\"Estimated reading time\" \/>\n\t<meta name=\"twitter:data1\" content=\"1 minute\" \/>\n<script type=\"application\/ld+json\" class=\"yoast-schema-graph\">{\"@context\":\"https:\/\/schema.org\",\"@graph\":[{\"@type\":\"WebPage\",\"@id\":\"https:\/\/waldschloessel.at\/ajanlataink\/black-weekend\/\",\"url\":\"https:\/\/waldschloessel.at\/ajanlataink\/black-weekend\/\",\"name\":\"Black Weekend - 25% kedvezm\u00e9ny - Hotel waldschloessel\",\"isPartOf\":{\"@id\":\"https:\/\/waldschloessel.at\/#website\"},\"primaryImageOfPage\":{\"@id\":\"https:\/\/waldschloessel.at\/ajanlataink\/black-weekend\/#primaryimage\"},\"image\":{\"@id\":\"https:\/\/waldschloessel.at\/ajanlataink\/black-weekend\/#primaryimage\"},\"thumbnailUrl\":\"https:\/\/waldschloessel.at\/wp-content\/uploads\/2025\/11\/3.-BF_szallas.hu-20-25waldi.jpg\",\"datePublished\":\"2023-10-30T17:33:20+00:00\",\"dateModified\":\"2025-11-26T14:15:37+00:00\",\"breadcrumb\":{\"@id\":\"https:\/\/waldschloessel.at\/ajanlataink\/black-weekend\/#breadcrumb\"},\"inLanguage\":\"en-GB\",\"potentialAction\":[{\"@type\":\"ReadAction\",\"target\":[\"https:\/\/waldschloessel.at\/ajanlataink\/black-weekend\/\"]}]},{\"@type\":\"ImageObject\",\"inLanguage\":\"en-GB\",\"@id\":\"https:\/\/waldschloessel.at\/ajanlataink\/black-weekend\/#primaryimage\",\"url\":\"https:\/\/waldschloessel.at\/wp-content\/uploads\/2025\/11\/3.-BF_szallas.hu-20-25waldi.jpg\",\"contentUrl\":\"https:\/\/waldschloessel.at\/wp-content\/uploads\/2025\/11\/3.-BF_szallas.hu-20-25waldi.jpg\",\"width\":940,\"height\":788},{\"@type\":\"BreadcrumbList\",\"@id\":\"https:\/\/waldschloessel.at\/ajanlataink\/black-weekend\/#breadcrumb\",\"itemListElement\":[{\"@type\":\"ListItem\",\"position\":1,\"name\":\"Kezd\u0151lap\",\"item\":\"https:\/\/waldschloessel.at\/\"},{\"@type\":\"ListItem\",\"position\":2,\"name\":\"Aj\u00e1nlataink\",\"item\":\"https:\/\/waldschloessel.at\/ajanlataink\/\"},{\"@type\":\"ListItem\",\"position\":3,\"name\":\"Black Weekend &#8211; 25% kedvezm\u00e9ny\"}]},{\"@type\":\"WebSite\",\"@id\":\"https:\/\/waldschloessel.at\/#website\",\"url\":\"https:\/\/waldschloessel.at\/\",\"name\":\"Hotel waldschloessel\",\"description\":\"Hotel waldschloessel - az egyetlen p\u00e1lyasz\u00e1ll\u00e1s\",\"publisher\":{\"@id\":\"https:\/\/waldschloessel.at\/#organization\"},\"potentialAction\":[{\"@type\":\"SearchAction\",\"target\":{\"@type\":\"EntryPoint\",\"urlTemplate\":\"https:\/\/waldschloessel.at\/?s={search_term_string}\"},\"query-input\":{\"@type\":\"PropertyValueSpecification\",\"valueRequired\":true,\"valueName\":\"search_term_string\"}}],\"inLanguage\":\"en-GB\"},{\"@type\":\"Organization\",\"@id\":\"https:\/\/waldschloessel.at\/#organization\",\"name\":\"Hotel waldschloessel\",\"url\":\"https:\/\/waldschloessel.at\/\",\"logo\":{\"@type\":\"ImageObject\",\"inLanguage\":\"en-GB\",\"@id\":\"https:\/\/waldschloessel.at\/#\/schema\/logo\/image\/\",\"url\":\"https:\/\/waldschloessel.at\/wp-content\/uploads\/2023\/09\/gasthof-waldschlossl-logo.svg\",\"contentUrl\":\"https:\/\/waldschloessel.at\/wp-content\/uploads\/2023\/09\/gasthof-waldschlossl-logo.svg\",\"width\":600,\"height\":492,\"caption\":\"Hotel waldschloessel\"},\"image\":{\"@id\":\"https:\/\/waldschloessel.at\/#\/schema\/logo\/image\/\"}}]}<\/script>\n<!-- \/ Yoast SEO Premium plugin. -->","yoast_head_json":{"title":"Black Weekend - 25% kedvezm\u00e9ny - Hotel waldschloessel","robots":{"index":"index","follow":"follow","max-snippet":"max-snippet:-1","max-image-preview":"max-image-preview:large","max-video-preview":"max-video-preview:-1"},"canonical":"https:\/\/waldschloessel.at\/en\/offers\/black-weekend\/","og_locale":"en_GB","og_type":"article","og_title":"Black Weekend - 25% kedvezm\u00e9ny","og_description":"Foglalhat\u00f3: 2025.november 28-30. \u00c9rv\u00e9nyes: 2026.03.01 &#8211; 2026.03.31. Minimum 3 \u00e9jszak\u00e1ra foglalhat\u00f3. Egy\u00e9b prom\u00f3ci\u00f3kkal \u00e9s t\u00f6rzsvend\u00e9g kedvezm\u00e9nyekkel nem \u00f6sszevonhat\u00f3! Kedvezm\u00e9nyes aj\u00e1nlatunk az al\u00e1bbi szolg\u00e1ltat\u00e1sokat tartalmazza: Sz\u00e1ll\u00e1s, a kiv\u00e1lasztott szobat\u00edpusban B\u00fcf\u00e9reggeli B\u0151s\u00e9ges f\u00e9lpanzi\u00f3s vacsora T\u00f6r\u00f6lk\u00f6z\u0151 bek\u00e9sz\u00edt\u00e9s a szob\u00e1ba Csomag extra: 42 km s\u00edp\u00e1lya a sz\u00e1lloda k\u00f6zvetlen szomsz\u00e9ds\u00e1g\u00e1ban Ingyenes, z\u00e1rhat\u00f3, f\u0171t\u00f6tt s\u00edt\u00e1rol\u00f3 a sz\u00e1lloda f\u00f6ldszintj\u00e9n Szauna haszn\u00e1lata Ingyenes [&hellip;]","og_url":"https:\/\/waldschloessel.at\/en\/offers\/black-weekend\/","og_site_name":"Hotel waldschloessel","article_modified_time":"2025-11-26T14:15:37+00:00","og_image":[{"width":940,"height":788,"url":"https:\/\/waldschloessel.at\/wp-content\/uploads\/2025\/11\/3.-BF_szallas.hu-20-25waldi.jpg","type":"image\/jpeg"}],"twitter_card":"summary_large_image","twitter_misc":{"Estimated reading time":"1 minute"},"schema":{"@context":"https:\/\/schema.org","@graph":[{"@type":"WebPage","@id":"https:\/\/waldschloessel.at\/ajanlataink\/black-weekend\/","url":"https:\/\/waldschloessel.at\/ajanlataink\/black-weekend\/","name":"Black Weekend - 25% kedvezm\u00e9ny - Hotel waldschloessel","isPartOf":{"@id":"https:\/\/waldschloessel.at\/#website"},"primaryImageOfPage":{"@id":"https:\/\/waldschloessel.at\/ajanlataink\/black-weekend\/#primaryimage"},"image":{"@id":"https:\/\/waldschloessel.at\/ajanlataink\/black-weekend\/#primaryimage"},"thumbnailUrl":"https:\/\/waldschloessel.at\/wp-content\/uploads\/2025\/11\/3.-BF_szallas.hu-20-25waldi.jpg","datePublished":"2023-10-30T17:33:20+00:00","dateModified":"2025-11-26T14:15:37+00:00","breadcrumb":{"@id":"https:\/\/waldschloessel.at\/ajanlataink\/black-weekend\/#breadcrumb"},"inLanguage":"en-GB","potentialAction":[{"@type":"ReadAction","target":["https:\/\/waldschloessel.at\/ajanlataink\/black-weekend\/"]}]},{"@type":"ImageObject","inLanguage":"en-GB","@id":"https:\/\/waldschloessel.at\/ajanlataink\/black-weekend\/#primaryimage","url":"https:\/\/waldschloessel.at\/wp-content\/uploads\/2025\/11\/3.-BF_szallas.hu-20-25waldi.jpg","contentUrl":"https:\/\/waldschloessel.at\/wp-content\/uploads\/2025\/11\/3.-BF_szallas.hu-20-25waldi.jpg","width":940,"height":788},{"@type":"BreadcrumbList","@id":"https:\/\/waldschloessel.at\/ajanlataink\/black-weekend\/#breadcrumb","itemListElement":[{"@type":"ListItem","position":1,"name":"Kezd\u0151lap","item":"https:\/\/waldschloessel.at\/"},{"@type":"ListItem","position":2,"name":"Aj\u00e1nlataink","item":"https:\/\/waldschloessel.at\/ajanlataink\/"},{"@type":"ListItem","position":3,"name":"Black Weekend &#8211; 25% kedvezm\u00e9ny"}]},{"@type":"WebSite","@id":"https:\/\/waldschloessel.at\/#website","url":"https:\/\/waldschloessel.at\/","name":"Hotel waldschloessel","description":"Hotel waldschloessel - az egyetlen p\u00e1lyasz\u00e1ll\u00e1s","publisher":{"@id":"https:\/\/waldschloessel.at\/#organization"},"potentialAction":[{"@type":"SearchAction","target":{"@type":"EntryPoint","urlTemplate":"https:\/\/waldschloessel.at\/?s={search_term_string}"},"query-input":{"@type":"PropertyValueSpecification","valueRequired":true,"valueName":"search_term_string"}}],"inLanguage":"en-GB"},{"@type":"Organization","@id":"https:\/\/waldschloessel.at\/#organization","name":"Hotel waldschloessel","url":"https:\/\/waldschloessel.at\/","logo":{"@type":"ImageObject","inLanguage":"en-GB","@id":"https:\/\/waldschloessel.at\/#\/schema\/logo\/image\/","url":"https:\/\/waldschloessel.at\/wp-content\/uploads\/2023\/09\/gasthof-waldschlossl-logo.svg","contentUrl":"https:\/\/waldschloessel.at\/wp-content\/uploads\/2023\/09\/gasthof-waldschlossl-logo.svg","width":600,"height":492,"caption":"Hotel waldschloessel"},"image":{"@id":"https:\/\/waldschloessel.at\/#\/schema\/logo\/image\/"}}]}},"_links":{"self":[{"href":"https:\/\/waldschloessel.at\/en\/wp-json\/wp\/v2\/pages\/3100","targetHints":{"allow":["GET"]}}],"collection":[{"href":"https:\/\/waldschloessel.at\/en\/wp-json\/wp\/v2\/pages"}],"about":[{"href":"https:\/\/waldschloessel.at\/en\/wp-json\/wp\/v2\/types\/page"}],"author":[{"embeddable":true,"href":"https:\/\/waldschloessel.at\/en\/wp-json\/wp\/v2\/users\/4"}],"replies":[{"embeddable":true,"href":"https:\/\/waldschloessel.at\/en\/wp-json\/wp\/v2\/comments?post=3100"}],"version-history":[{"count":9,"href":"https:\/\/waldschloessel.at\/en\/wp-json\/wp\/v2\/pages\/3100\/revisions"}],"predecessor-version":[{"id":3885,"href":"https:\/\/waldschloessel.at\/en\/wp-json\/wp\/v2\/pages\/3100\/revisions\/3885"}],"up":[{"embeddable":true,"href":"https:\/\/waldschloessel.at\/en\/wp-json\/wp\/v2\/pages\/274"}],"wp:featuredmedia":[{"embeddable":true,"href":"https:\/\/waldschloessel.at\/en\/wp-json\/wp\/v2\/media\/3874"}],"wp:attachment":[{"href":"https:\/\/waldschloessel.at\/en\/wp-json\/wp\/v2\/media?parent=3100"}],"curies":[{"name":"wp","href":"https:\/\/api.w.org\/{rel}","templated":true}]}}