{"id":2712,"date":"2023-08-28T09:40:03","date_gmt":"2023-08-28T07:40:03","guid":{"rendered":"https:\/\/waldschloessel.at\/?page_id=2712"},"modified":"2025-06-04T10:13:59","modified_gmt":"2025-06-04T08:13:59","slug":"giftvoucher","status":"publish","type":"page","link":"https:\/\/waldschloessel.at\/en\/ajandekutalvany\/","title":{"rendered":"GIFT VOUCHER"},"content":{"rendered":"<div data-elementor-type=\"wp-page\" data-elementor-id=\"2712\" class=\"elementor elementor-2712\" data-elementor-post-type=\"page\">\n\t\t\t\t<div class=\"elementor-element elementor-element-843383b e-con-full e-flex e-con e-parent\" data-id=\"843383b\" data-element_type=\"container\" data-e-type=\"container\">\n\t\t\t\t<div class=\"elementor-element elementor-element-9298489 elementor-widget elementor-widget-heading\" data-id=\"9298489\" data-element_type=\"widget\" data-e-type=\"widget\" data-widget_type=\"heading.default\">\n\t\t\t\t<div class=\"elementor-widget-container\">\n\t\t\t\t\t<h1 class=\"elementor-heading-title elementor-size-default\">GIFT VOUCHER<\/h1>\t\t\t\t<\/div>\n\t\t\t\t<\/div>\n\t\t\t\t<\/div>\n\t\t<div class=\"elementor-element elementor-element-94573cd e-flex e-con-boxed e-con e-parent\" data-id=\"94573cd\" data-element_type=\"container\" data-e-type=\"container\">\n\t\t\t\t\t<div class=\"e-con-inner\">\n\t\t\t\t<div class=\"elementor-element elementor-element-ee30a81 elementor-widget elementor-widget-html\" data-id=\"ee30a81\" data-element_type=\"widget\" data-e-type=\"widget\" data-no-translation=\"\" data-widget_type=\"html.default\">\n\t\t\t\t<div class=\"elementor-widget-container\">\n\t\t\t\t\t<style>.elementor-element-ee30a81{display:none !important}<\/style>\t\t\t\t<\/div>\n\t\t\t\t<\/div>\n\t\t\t\t<div class=\"elementor-element elementor-element-80bad1e elementor-widget elementor-widget-html\" data-id=\"80bad1e\" data-element_type=\"widget\" data-e-type=\"widget\" data-no-translation=\"\" data-widget_type=\"html.default\">\n\t\t\t\t<div class=\"elementor-widget-container\">\n\t\t\t\t\t<style>.elementor-element-80bad1e{display:none !important}<\/style>\t\t\t\t<\/div>\n\t\t\t\t<\/div>\n\t\t\t\t<div class=\"elementor-element elementor-element-7a9970c elementor-widget elementor-widget-html\" data-id=\"7a9970c\" data-element_type=\"widget\" data-e-type=\"widget\" data-no-translation=\"\" data-widget_type=\"html.default\">\n\t\t\t\t<div class=\"elementor-widget-container\">\n\t\t\t\t\t<script src=\"https:\/\/nethotelbooking.net\/embed.RESnWEB.js?id=O61CO\"><\/script>\r\n\t\t\t\t<\/div>\n\t\t\t\t<\/div>\n\t\t\t\t\t<\/div>\n\t\t\t\t<\/div>\n\t\t\t\t<\/div>","protected":false},"excerpt":{"rendered":"","protected":false},"author":4,"featured_media":0,"parent":0,"menu_order":0,"comment_status":"closed","ping_status":"closed","template":"","meta":{"footnotes":""},"class_list":["post-2712","page","type-page","status-publish","hentry"],"yoast_head":"<!-- This site is optimized with the Yoast SEO Premium plugin v27.2 (Yoast SEO v27.2) - https:\/\/yoast.com\/product\/yoast-seo-premium-wordpress\/ -->\n<title>Aj\u00e1nd\u00e9kutalv\u00e1ny - Hotel waldschloessel<\/title>\n<meta name=\"robots\" content=\"index, follow, max-snippet:-1, max-image-preview:large, max-video-preview:-1\" \/>\n<link rel=\"canonical\" href=\"https:\/\/waldschloessel.at\/en\/giftvoucher\/\" \/>\n<meta property=\"og:locale\" content=\"en_GB\" \/>\n<meta property=\"og:type\" content=\"article\" \/>\n<meta property=\"og:title\" content=\"Aj\u00e1nd\u00e9kutalv\u00e1ny\" \/>\n<meta property=\"og:url\" content=\"https:\/\/waldschloessel.at\/en\/giftvoucher\/\" \/>\n<meta property=\"og:site_name\" content=\"Hotel waldschloessel\" \/>\n<meta property=\"article:modified_time\" content=\"2025-06-04T08:13:59+00:00\" \/>\n<meta name=\"twitter:card\" content=\"summary_large_image\" \/>\n<script type=\"application\/ld+json\" class=\"yoast-schema-graph\">{\"@context\":\"https:\/\/schema.org\",\"@graph\":[{\"@type\":\"WebPage\",\"@id\":\"https:\/\/waldschloessel.at\/ajandekutalvany\/\",\"url\":\"https:\/\/waldschloessel.at\/ajandekutalvany\/\",\"name\":\"Aj\u00e1nd\u00e9kutalv\u00e1ny - Hotel waldschloessel\",\"isPartOf\":{\"@id\":\"https:\/\/waldschloessel.at\/#website\"},\"datePublished\":\"2023-08-28T07:40:03+00:00\",\"dateModified\":\"2025-06-04T08:13:59+00:00\",\"breadcrumb\":{\"@id\":\"https:\/\/waldschloessel.at\/ajandekutalvany\/#breadcrumb\"},\"inLanguage\":\"en-GB\",\"potentialAction\":[{\"@type\":\"ReadAction\",\"target\":[\"https:\/\/waldschloessel.at\/ajandekutalvany\/\"]}]},{\"@type\":\"BreadcrumbList\",\"@id\":\"https:\/\/waldschloessel.at\/ajandekutalvany\/#breadcrumb\",\"itemListElement\":[{\"@type\":\"ListItem\",\"position\":1,\"name\":\"Kezd\u0151lap\",\"item\":\"https:\/\/waldschloessel.at\/\"},{\"@type\":\"ListItem\",\"position\":2,\"name\":\"Aj\u00e1nd\u00e9kutalv\u00e1ny\"}]},{\"@type\":\"WebSite\",\"@id\":\"https:\/\/waldschloessel.at\/#website\",\"url\":\"https:\/\/waldschloessel.at\/\",\"name\":\"Hotel waldschloessel\",\"description\":\"Hotel waldschloessel - az egyetlen p\u00e1lyasz\u00e1ll\u00e1s\",\"publisher\":{\"@id\":\"https:\/\/waldschloessel.at\/#organization\"},\"potentialAction\":[{\"@type\":\"SearchAction\",\"target\":{\"@type\":\"EntryPoint\",\"urlTemplate\":\"https:\/\/waldschloessel.at\/?s={search_term_string}\"},\"query-input\":{\"@type\":\"PropertyValueSpecification\",\"valueRequired\":true,\"valueName\":\"search_term_string\"}}],\"inLanguage\":\"en-GB\"},{\"@type\":\"Organization\",\"@id\":\"https:\/\/waldschloessel.at\/#organization\",\"name\":\"Hotel waldschloessel\",\"url\":\"https:\/\/waldschloessel.at\/\",\"logo\":{\"@type\":\"ImageObject\",\"inLanguage\":\"en-GB\",\"@id\":\"https:\/\/waldschloessel.at\/#\/schema\/logo\/image\/\",\"url\":\"https:\/\/waldschloessel.at\/wp-content\/uploads\/2023\/09\/gasthof-waldschlossl-logo.svg\",\"contentUrl\":\"https:\/\/waldschloessel.at\/wp-content\/uploads\/2023\/09\/gasthof-waldschlossl-logo.svg\",\"width\":600,\"height\":492,\"caption\":\"Hotel waldschloessel\"},\"image\":{\"@id\":\"https:\/\/waldschloessel.at\/#\/schema\/logo\/image\/\"}}]}<\/script>\n<!-- \/ Yoast SEO Premium plugin. -->","yoast_head_json":{"title":"Aj\u00e1nd\u00e9kutalv\u00e1ny - Hotel waldschloessel","robots":{"index":"index","follow":"follow","max-snippet":"max-snippet:-1","max-image-preview":"max-image-preview:large","max-video-preview":"max-video-preview:-1"},"canonical":"https:\/\/waldschloessel.at\/en\/giftvoucher\/","og_locale":"en_GB","og_type":"article","og_title":"Aj\u00e1nd\u00e9kutalv\u00e1ny","og_url":"https:\/\/waldschloessel.at\/en\/giftvoucher\/","og_site_name":"Hotel waldschloessel","article_modified_time":"2025-06-04T08:13:59+00:00","twitter_card":"summary_large_image","schema":{"@context":"https:\/\/schema.org","@graph":[{"@type":"WebPage","@id":"https:\/\/waldschloessel.at\/ajandekutalvany\/","url":"https:\/\/waldschloessel.at\/ajandekutalvany\/","name":"Aj\u00e1nd\u00e9kutalv\u00e1ny - Hotel waldschloessel","isPartOf":{"@id":"https:\/\/waldschloessel.at\/#website"},"datePublished":"2023-08-28T07:40:03+00:00","dateModified":"2025-06-04T08:13:59+00:00","breadcrumb":{"@id":"https:\/\/waldschloessel.at\/ajandekutalvany\/#breadcrumb"},"inLanguage":"en-GB","potentialAction":[{"@type":"ReadAction","target":["https:\/\/waldschloessel.at\/ajandekutalvany\/"]}]},{"@type":"BreadcrumbList","@id":"https:\/\/waldschloessel.at\/ajandekutalvany\/#breadcrumb","itemListElement":[{"@type":"ListItem","position":1,"name":"Kezd\u0151lap","item":"https:\/\/waldschloessel.at\/"},{"@type":"ListItem","position":2,"name":"Aj\u00e1nd\u00e9kutalv\u00e1ny"}]},{"@type":"WebSite","@id":"https:\/\/waldschloessel.at\/#website","url":"https:\/\/waldschloessel.at\/","name":"Hotel waldschloessel","description":"Hotel waldschloessel - az egyetlen p\u00e1lyasz\u00e1ll\u00e1s","publisher":{"@id":"https:\/\/waldschloessel.at\/#organization"},"potentialAction":[{"@type":"SearchAction","target":{"@type":"EntryPoint","urlTemplate":"https:\/\/waldschloessel.at\/?s={search_term_string}"},"query-input":{"@type":"PropertyValueSpecification","valueRequired":true,"valueName":"search_term_string"}}],"inLanguage":"en-GB"},{"@type":"Organization","@id":"https:\/\/waldschloessel.at\/#organization","name":"Hotel waldschloessel","url":"https:\/\/waldschloessel.at\/","logo":{"@type":"ImageObject","inLanguage":"en-GB","@id":"https:\/\/waldschloessel.at\/#\/schema\/logo\/image\/","url":"https:\/\/waldschloessel.at\/wp-content\/uploads\/2023\/09\/gasthof-waldschlossl-logo.svg","contentUrl":"https:\/\/waldschloessel.at\/wp-content\/uploads\/2023\/09\/gasthof-waldschlossl-logo.svg","width":600,"height":492,"caption":"Hotel waldschloessel"},"image":{"@id":"https:\/\/waldschloessel.at\/#\/schema\/logo\/image\/"}}]}},"_links":{"self":[{"href":"https:\/\/waldschloessel.at\/en\/wp-json\/wp\/v2\/pages\/2712","targetHints":{"allow":["GET"]}}],"collection":[{"href":"https:\/\/waldschloessel.at\/en\/wp-json\/wp\/v2\/pages"}],"about":[{"href":"https:\/\/waldschloessel.at\/en\/wp-json\/wp\/v2\/types\/page"}],"author":[{"embeddable":true,"href":"https:\/\/waldschloessel.at\/en\/wp-json\/wp\/v2\/users\/4"}],"replies":[{"embeddable":true,"href":"https:\/\/waldschloessel.at\/en\/wp-json\/wp\/v2\/comments?post=2712"}],"version-history":[{"count":5,"href":"https:\/\/waldschloessel.at\/en\/wp-json\/wp\/v2\/pages\/2712\/revisions"}],"predecessor-version":[{"id":2735,"href":"https:\/\/waldschloessel.at\/en\/wp-json\/wp\/v2\/pages\/2712\/revisions\/2735"}],"wp:attachment":[{"href":"https:\/\/waldschloessel.at\/en\/wp-json\/wp\/v2\/media?parent=2712"}],"curies":[{"name":"wp","href":"https:\/\/api.w.org\/{rel}","templated":true}]}}